{"id":1430,"date":"2022-08-13T08:37:05","date_gmt":"2022-08-13T08:37:05","guid":{"rendered":"https:\/\/tinysalt.loftocean.com\/elementor\/?page_id=1430"},"modified":"2024-07-03T06:34:54","modified_gmt":"2024-07-03T06:34:54","slug":"contact-me","status":"publish","type":"page","link":"https:\/\/kokataan.com\/index.php\/contact-me\/","title":{"rendered":"Ota yhteytt\u00e4"},"content":{"rendered":"\t\t<div data-elementor-type=\"wp-page\" data-elementor-id=\"1430\" class=\"elementor elementor-1430\">\n\t\t\t\t\t\t<section class=\"elementor-section elementor-top-section elementor-element elementor-element-10e97fb elementor-section-boxed elementor-section-height-default elementor-section-height-default\" data-id=\"10e97fb\" data-element_type=\"section\" data-e-type=\"section\">\n\t\t\t\t\t\t<div class=\"elementor-container elementor-column-gap-no\">\n\t\t\t\t\t<div class=\"elementor-column elementor-col-100 elementor-top-column elementor-element elementor-element-eaf010b\" data-id=\"eaf010b\" data-element_type=\"column\" data-e-type=\"column\">\n\t\t\t<div class=\"elementor-widget-wrap elementor-element-populated\">\n\t\t\t\t\t\t<div class=\"elementor-element elementor-element-34d3b19 elementor-drop-cap-yes elementor-drop-cap-view-default elementor-widget elementor-widget-text-editor\" data-id=\"34d3b19\" data-element_type=\"widget\" data-e-type=\"widget\" data-settings=\"{&quot;drop_cap&quot;:&quot;yes&quot;}\" data-widget_type=\"text-editor.default\">\n\t\t\t\t<div class=\"elementor-widget-container\">\n\t\t\t\t\t\t\t\t\t<p>Meille hyv\u00e4 ruoka ja juoma on el\u00e4m\u00e4n tapa. Missiomme onkin saada lukijat ja katsojat arvostamaan puhtaita, laadukkaita raaka-aineita ja innostumaan ruuanlaitosta, sek\u00e4 &#8221;eurooppalaisesta&#8221; juomakulttuurista.<\/p><p>Mik\u00e4li jaat n\u00e4m\u00e4 arvot ja olet kiinnostunut kaupallisesta yhteisty\u00f6st\u00e4 kanssamme, ota rohkeasti yhteytt\u00e4 ja keskustellaan lis\u00e4\u00e4.\u00a0<\/p><p><span style=\"font-size: inherit; color: var(--content-color); font-family: var(--body-font);\">S\u00e4hk\u00f6posti: ko<\/span><span style=\"font-size: inherit; color: var(--content-color); font-family: var(--body-font);\">kataan.com@gmail.com<\/span><\/p>\t\t\t\t\t\t\t\t<\/div>\n\t\t\t\t<\/div>\n\t\t\t\t<div class=\"elementor-element elementor-element-59a1d70 elementor-widget elementor-widget-heading\" data-id=\"59a1d70\" data-element_type=\"widget\" data-e-type=\"widget\" data-widget_type=\"heading.default\">\n\t\t\t\t<div class=\"elementor-widget-container\">\n\t\t\t\t\t<h4 class=\"elementor-heading-title elementor-size-default\">Mik\u00e4li sinulla on muuta kysytt\u00e4v\u00e4\u00e4, ole yst\u00e4v\u00e4llinen ja t\u00e4yt\u00e4 alla oleva lomake.<\/h4>\t\t\t\t<\/div>\n\t\t\t\t<\/div>\n\t\t\t\t<div class=\"elementor-element elementor-element-d70ebd9 elementor-widget elementor-widget-ts_form_cf7\" data-id=\"d70ebd9\" data-element_type=\"widget\" data-e-type=\"widget\" data-widget_type=\"ts_form_cf7.default\">\n\t\t\t\t<div class=\"elementor-widget-container\">\n\t\t\t\t\t            <div class=\"pt-form-cf7 placeholder-normal\">\n                <div class=\"pt-form-cf7-wrap\">\n<div class=\"wpcf7 no-js\" id=\"wpcf7-f6-o1\" lang=\"fi\" dir=\"ltr\" data-wpcf7-id=\"6\">\n<div class=\"screen-reader-response\"><p role=\"status\" aria-live=\"polite\" aria-atomic=\"true\"><\/p> <ul><\/ul><\/div>\n<form action=\"\/index.php\/wp-json\/wp\/v2\/pages\/1430#wpcf7-f6-o1\" method=\"post\" class=\"wpcf7-form init\" aria-label=\"Yhteydenottolomake\" novalidate=\"novalidate\" data-status=\"init\">\n<fieldset class=\"hidden-fields-container\"><input type=\"hidden\" name=\"_wpcf7\" value=\"6\" \/><input type=\"hidden\" name=\"_wpcf7_version\" value=\"6.1.5\" \/><input type=\"hidden\" name=\"_wpcf7_locale\" value=\"fi\" \/><input type=\"hidden\" name=\"_wpcf7_unit_tag\" value=\"wpcf7-f6-o1\" \/><input type=\"hidden\" name=\"_wpcf7_container_post\" value=\"0\" \/><input type=\"hidden\" name=\"_wpcf7_posted_data_hash\" value=\"\" \/><input type=\"hidden\" name=\"_wpcf7_recaptcha_response\" value=\"\" \/>\n<\/fieldset>\n<p><label> Nimesi<br \/>\n<span class=\"wpcf7-form-control-wrap\" data-name=\"your-name\"><input size=\"40\" maxlength=\"400\" class=\"wpcf7-form-control wpcf7-text wpcf7-validates-as-required\" autocomplete=\"name\" aria-required=\"true\" aria-invalid=\"false\" value=\"\" type=\"text\" name=\"your-name\" \/><\/span> <\/label>\n<\/p>\n<p><label> S\u00e4hk\u00f6postiosoitteesi<br \/>\n<span class=\"wpcf7-form-control-wrap\" data-name=\"your-email\"><input size=\"40\" maxlength=\"400\" class=\"wpcf7-form-control wpcf7-email wpcf7-validates-as-required wpcf7-text wpcf7-validates-as-email\" autocomplete=\"email\" aria-required=\"true\" aria-invalid=\"false\" value=\"\" type=\"email\" name=\"your-email\" \/><\/span> <\/label>\n<\/p>\n<p><label> Aihe<br \/>\n<span class=\"wpcf7-form-control-wrap\" data-name=\"your-subject\"><input size=\"40\" maxlength=\"400\" class=\"wpcf7-form-control wpcf7-text wpcf7-validates-as-required\" aria-required=\"true\" aria-invalid=\"false\" value=\"\" type=\"text\" name=\"your-subject\" \/><\/span> <\/label>\n<\/p>\n<p><label> Viestisi (valinnainen)<br \/>\n<span class=\"wpcf7-form-control-wrap\" data-name=\"your-message\"><textarea cols=\"40\" rows=\"10\" maxlength=\"2000\" class=\"wpcf7-form-control wpcf7-textarea\" aria-invalid=\"false\" name=\"your-message\"><\/textarea><\/span> <\/label>\n<\/p>\n<p><input class=\"wpcf7-form-control wpcf7-submit has-spinner\" type=\"submit\" value=\"L\u00e4het\u00e4\" \/>\n<\/p><p style=\"display: none !important;\" class=\"akismet-fields-container\" data-prefix=\"_wpcf7_ak_\"><label>&#916;<textarea name=\"_wpcf7_ak_hp_textarea\" cols=\"45\" rows=\"8\" maxlength=\"100\"><\/textarea><\/label><input type=\"hidden\" id=\"ak_js_1\" name=\"_wpcf7_ak_js\" value=\"164\"\/><script type=\"text\/javascript\">\n\/* <![CDATA[ *\/\ndocument.getElementById( \"ak_js_1\" ).setAttribute( \"value\", ( new Date() ).getTime() );\n\/* ]]> *\/\n<\/script>\n<\/p><div class=\"wpcf7-response-output\" aria-hidden=\"true\"><\/div>\n<\/form>\n<\/div>\n<\/div>\n            <\/div>\t\t\t\t<\/div>\n\t\t\t\t<\/div>\n\t\t\t\t\t<\/div>\n\t\t<\/div>\n\t\t\t\t\t<\/div>\n\t\t<\/section>\n\t\t\t\t<\/div>\n\t\t","protected":false},"excerpt":{"rendered":"<p>Meille hyv\u00e4 ruoka ja juoma on el\u00e4m\u00e4n tapa. Missiomme onkin saada lukijat ja katsojat arvostamaan puhtaita, laadukkaita raaka-aineita ja innostumaan ruuanlaitosta, sek\u00e4 &#8221;eurooppalaisesta&#8221; juomakulttuurista. Mik\u00e4li jaat n\u00e4m\u00e4 arvot ja olet kiinnostunut kaupallisesta yhteisty\u00f6st\u00e4 kanssamme, ota rohkeasti yhteytt\u00e4 ja keskustellaan lis\u00e4\u00e4.\u00a0 S\u00e4hk\u00f6posti: kokataan.com@gmail.com Mik\u00e4li sinulla on muuta kysytt\u00e4v\u00e4\u00e4, ole yst\u00e4v\u00e4llinen ja t\u00e4yt\u00e4 alla oleva lomake. Nimesi &#8230;<\/p>\n","protected":false},"author":1,"featured_media":233,"parent":0,"menu_order":0,"comment_status":"closed","ping_status":"closed","template":"template-4.php","meta":{"wprm-recipe-roundup-name":"","wprm-recipe-roundup-description":"","tinysalt_hide_before_page_content_ad":"","tinysalt_hide_after_page_content_ad":"","tinysalt_hide_page_header":"","tinysalt_advanced_classname":"","tinysalt_page_featured_media_position":"","tinysalt_single_site_header_source":"","tinysalt_single_custom_site_header":"0","tinysalt_single_custom_sticky_site_header":"0","tinysalt_single_custom_sticky_site_header_style":"sticky-scroll-up","tinysalt_single_site_footer_source":"","tinysalt_single_custom_site_footer":"0","footnotes":""},"class_list":["post-1430","page","type-page","status-publish","has-post-thumbnail","hentry"],"aioseo_notices":[],"_links":{"self":[{"href":"https:\/\/kokataan.com\/index.php\/wp-json\/wp\/v2\/pages\/1430","targetHints":{"allow":["GET"]}}],"collection":[{"href":"https:\/\/kokataan.com\/index.php\/wp-json\/wp\/v2\/pages"}],"about":[{"href":"https:\/\/kokataan.com\/index.php\/wp-json\/wp\/v2\/types\/page"}],"author":[{"embeddable":true,"href":"https:\/\/kokataan.com\/index.php\/wp-json\/wp\/v2\/users\/1"}],"replies":[{"embeddable":true,"href":"https:\/\/kokataan.com\/index.php\/wp-json\/wp\/v2\/comments?post=1430"}],"version-history":[{"count":0,"href":"https:\/\/kokataan.com\/index.php\/wp-json\/wp\/v2\/pages\/1430\/revisions"}],"wp:featuredmedia":[{"embeddable":true,"href":"https:\/\/kokataan.com\/index.php\/wp-json\/wp\/v2\/media\/233"}],"wp:attachment":[{"href":"https:\/\/kokataan.com\/index.php\/wp-json\/wp\/v2\/media?parent=1430"}],"curies":[{"name":"wp","href":"https:\/\/api.w.org\/{rel}","templated":true}]}}